{"id":102,"date":"2018-08-31T09:29:07","date_gmt":"2018-08-31T07:29:07","guid":{"rendered":"http:\/\/www.silberklopfer.de\/wp\/?page_id=102"},"modified":"2023-01-31T19:15:04","modified_gmt":"2023-01-31T18:15:04","slug":"jugendleiter","status":"publish","type":"page","link":"https:\/\/www.silberklopfer.de\/wp\/jugendleiter\/","title":{"rendered":"Jugendleitung"},"content":{"rendered":"\n<p><span style=\"font-family: Calibri, sans-serif;\"><span style=\"font-size: medium;\">Seit 2019 Jahr besteht der Jugendausschuss aus einem f\u00fcnfk\u00f6pfigen Team, das alles daran setzt den Kindern eine tolle Fasnet zu bereiten. Und wie schaffen wir das? <\/span><\/span><\/p>\n<p><span style=\"font-family: Calibri, sans-serif;\"><span style=\"font-size: medium;\">Wir treffen uns regelm\u00e4\u00dfig das ganze Jahr \u00fcber und bereiten tolle Aktionen auch au\u00dferhalb der Fasnet vor. Zu unseren Aufgabenbereichen z\u00e4hlen unter Anderem die Kinderfasnet, der Klopfertanz, die Verteilung der Aufkleber f\u00fcr die Klopfip\u00e4sse und die Ferienspielaktion im Sommer.<\/span><\/span><\/p>\n<p><span style=\"font-family: Calibri, sans-serif;\"><span style=\"font-size: medium;\">Bei unseren Treffen kommen viele neue und auch kreative Ideen zusammen, die gegeneinander abgewogen und schlie\u00dflich umgesetzt werden. Beispiele hierf\u00fcr sind das Karaokesingen an der Kinderfasnet oder der Waldgnom Waldemar, der zum heimlichen Star der Ferienspielaktion im Sommer 2020 wurde.<\/span><\/span><\/p>\n<p><span style=\"font-family: Calibri, sans-serif;\"><span style=\"font-size: medium;\">Eine gute Jugendarbeit ist unserer Meinung nach der Schl\u00fcssel zu einem erfolgreichen Verein. Wir wollen die Kinder schon von ganz klein auf f\u00fcr die Bleibacher Fasnet begeistern und ihnen zeigen, dass man f\u00fcr tolle Erlebnisse nicht unbedingt nach Elzach, Walkirch oder sonst wo gehen muss. Manchmal sieht man eben den Wald vor lauter B\u00e4umen nicht.<\/span><\/span><\/p>\n<p>&nbsp;<\/p>\n\n\n<div class=\"wp-block-image is-style-rounded\">\n<figure class=\"aligncenter size-large is-resized\"><img loading=\"lazy\" decoding=\"async\" src=\"http:\/\/www.silberklopfer.de\/wp\/wp-content\/uploads\/2020\/02\/Passbild-Oktober-2018-777x1024.jpg\" alt=\"\" class=\"wp-image-557\" width=\"187\" height=\"246\" srcset=\"https:\/\/www.silberklopfer.de\/wp\/wp-content\/uploads\/2020\/02\/Passbild-Oktober-2018-777x1024.jpg 777w, https:\/\/www.silberklopfer.de\/wp\/wp-content\/uploads\/2020\/02\/Passbild-Oktober-2018-228x300.jpg 228w, https:\/\/www.silberklopfer.de\/wp\/wp-content\/uploads\/2020\/02\/Passbild-Oktober-2018-768x1012.jpg 768w, https:\/\/www.silberklopfer.de\/wp\/wp-content\/uploads\/2020\/02\/Passbild-Oktober-2018-1166x1536.jpg 1166w, https:\/\/www.silberklopfer.de\/wp\/wp-content\/uploads\/2020\/02\/Passbild-Oktober-2018.jpg 1412w\" sizes=\"auto, (max-width: 187px) 100vw, 187px\" \/><figcaption class=\"wp-element-caption\"><strong>Theresa Eh<\/strong><\/figcaption><\/figure>\n<\/div>\n\n\n<pre class=\"wp-block-verse\">\"Es gibt genug Vereine, die irgendwann aussterben, weil sie es nicht geschafft haben, das Feuer f\u00fcr ihren Bereich an die n\u00e4chste Generation weiterzugeben. Dadurch geht nicht nur ein gro\u00dfes St\u00fcck unserer Kultur verloren, sondern wir nehmen unserem Nachwuchs auch die Chance, selbst etwas zu entdecken, was uns gro\u00dfe Freude bereitet.\nDeshalb finde ich es wichtig, die Kleinsten von uns mitzunehmen und der Fasnet ein wenig n\u00e4her zu bringen. Und wenn sie im Alter dann doch keine Narren werden, dann haben sie wenigstens ein paar tolle Erinnerungen an Spiele, Aktionen und Ausfl\u00fcge, an die sie gerne zur\u00fcck denken. Und das ist mir mindestens genauso wichtig!\"<\/pre>\n\n\n\n<hr class=\"wp-block-separator has-css-opacity is-style-wide\"\/>\n\n\n<div class=\"wp-block-image is-style-rounded\">\n<figure class=\"aligncenter size-large is-resized\"><img loading=\"lazy\" decoding=\"async\" src=\"https:\/\/www.silberklopfer.de\/wp\/wp-content\/uploads\/2023\/01\/PHOTO-2023-01-31-18-06-48-6-1-731x1024.jpg\" alt=\"\" class=\"wp-image-1793\" width=\"183\" height=\"256\" srcset=\"https:\/\/www.silberklopfer.de\/wp\/wp-content\/uploads\/2023\/01\/PHOTO-2023-01-31-18-06-48-6-1-731x1024.jpg 731w, https:\/\/www.silberklopfer.de\/wp\/wp-content\/uploads\/2023\/01\/PHOTO-2023-01-31-18-06-48-6-1-214x300.jpg 214w, https:\/\/www.silberklopfer.de\/wp\/wp-content\/uploads\/2023\/01\/PHOTO-2023-01-31-18-06-48-6-1-768x1076.jpg 768w, https:\/\/www.silberklopfer.de\/wp\/wp-content\/uploads\/2023\/01\/PHOTO-2023-01-31-18-06-48-6-1-1096x1536.jpg 1096w, https:\/\/www.silberklopfer.de\/wp\/wp-content\/uploads\/2023\/01\/PHOTO-2023-01-31-18-06-48-6-1.jpg 1142w\" sizes=\"auto, (max-width: 183px) 100vw, 183px\" \/><figcaption class=\"wp-element-caption\"><strong>Tom Khuu<\/strong><\/figcaption><\/figure>\n<\/div>\n\n\n<pre class=\"wp-block-verse\">\"Ich bin mit den Silberklopfern gro\u00df geworden. Von Klein auf wurde ich zu Umz\u00fcgen und sonstigen Veranstaltungen mitgenommen. Noch heute denke ich oft an lange Abende mit meinen Gro\u00dfeltern und Freunden am Schmutzige Dunschdig im Gasthaus Sonne, unz\u00e4hlige Kinderfasnet-Nachmittage und nicht zuletzt das Gitzigrufen oder die Schulbefreiung zur\u00fcck. Mit meiner Arbeit in der Jugendleitung m\u00f6chte ich so vielen Kindern wie m\u00f6glich mindestens genauso sch\u00f6ne Erinnerungen schaffen.\"<\/pre>\n\n\n\n<hr class=\"wp-block-separator has-css-opacity is-style-wide\"\/>\n\n\n<div class=\"wp-block-image is-style-rounded\">\n<figure class=\"aligncenter size-large is-resized\"><img loading=\"lazy\" decoding=\"async\" src=\"http:\/\/www.silberklopfer.de\/wp\/wp-content\/uploads\/2020\/11\/Passbild-Mandy-968x1024.jpg\" alt=\"\" class=\"wp-image-723\" width=\"174\" height=\"183\" srcset=\"https:\/\/www.silberklopfer.de\/wp\/wp-content\/uploads\/2020\/11\/Passbild-Mandy-968x1024.jpg 968w, https:\/\/www.silberklopfer.de\/wp\/wp-content\/uploads\/2020\/11\/Passbild-Mandy-284x300.jpg 284w, https:\/\/www.silberklopfer.de\/wp\/wp-content\/uploads\/2020\/11\/Passbild-Mandy-768x812.jpg 768w, https:\/\/www.silberklopfer.de\/wp\/wp-content\/uploads\/2020\/11\/Passbild-Mandy.jpg 1167w\" sizes=\"auto, (max-width: 174px) 100vw, 174px\" \/><figcaption class=\"wp-element-caption\"><strong>Mandy Sch\u00e4tzle<\/strong><\/figcaption><\/figure>\n<\/div>\n\n\n<pre class=\"wp-block-verse\">\"Jedes Kind hat seine eigene Pers\u00f6nlichkeit und seinen eigenen Charakter. Und daher macht es immer einen riesen Spa\u00df nach vielen Tanzproben am Ende das Ergebnis zu sehen. Eine Gruppe von Kindern, die trotz unterschiedlichen Alters, Charakters usw. <strong>gemeinsam<\/strong> etwas geschafft haben.\"<\/pre>\n\n\n\n<hr class=\"wp-block-separator has-css-opacity is-style-wide\"\/>\n\n\n<div class=\"wp-block-image is-style-rounded\">\n<figure class=\"aligncenter size-large is-resized\"><img loading=\"lazy\" decoding=\"async\" src=\"https:\/\/www.silberklopfer.de\/wp\/wp-content\/uploads\/2021\/03\/ChantalKapp.jpg\" alt=\"\" class=\"wp-image-1061\" width=\"171\" height=\"218\" srcset=\"https:\/\/www.silberklopfer.de\/wp\/wp-content\/uploads\/2021\/03\/ChantalKapp.jpg 659w, https:\/\/www.silberklopfer.de\/wp\/wp-content\/uploads\/2021\/03\/ChantalKapp-235x300.jpg 235w\" sizes=\"auto, (max-width: 171px) 100vw, 171px\" \/><figcaption class=\"wp-element-caption\"><strong>Chantal Kapp<\/strong><\/figcaption><\/figure>\n<\/div>\n\n\n<hr class=\"wp-block-separator has-css-opacity is-style-wide\"\/>\n\n\n\n<p style=\"text-align: left;\">Wir freuen uns darauf, die Fasnetszit f\u00fcr unseren Narrensamen so fr\u00f6hlich und bunt wie m\u00f6glich zu gestalten, sodass die Lust am Fasnetmoche von Jahr zu Jahr gr\u00f6\u00dfer wird.<br data-rich-text-line-break=\"true\" \/><br data-rich-text-line-break=\"true\" \/>Und auch vor und nach der Fasnet sind wir immer wieder am Start, machen Ausfl\u00fcge, organisieren kleinere oder gr\u00f6\u00dfere Aktivit\u00e4ten, sodass ihr, liebe Kinder, das ganze Jahr\u00a0 Programm habt.<\/p>\n<p><strong>Kontakt der Jugendleitung:\u00a0<\/strong>jugendleitung@silberklopfer.de\u00a0<\/p>\n","protected":false},"excerpt":{"rendered":"<p>Seit 2019 Jahr besteht der Jugendausschuss aus einem f\u00fcnfk\u00f6pfigen Team, das alles daran setzt den Kindern eine tolle Fasnet zu bereiten. Und wie schaffen wir das? Wir treffen uns regelm\u00e4\u00dfig [&hellip;]<\/p>\n","protected":false},"author":1,"featured_media":0,"parent":0,"menu_order":0,"comment_status":"closed","ping_status":"closed","template":"","meta":{"footnotes":""},"class_list":["post-102","page","type-page","status-publish","czr-hentry"],"_links":{"self":[{"href":"https:\/\/www.silberklopfer.de\/wp\/wp-json\/wp\/v2\/pages\/102","targetHints":{"allow":["GET"]}}],"collection":[{"href":"https:\/\/www.silberklopfer.de\/wp\/wp-json\/wp\/v2\/pages"}],"about":[{"href":"https:\/\/www.silberklopfer.de\/wp\/wp-json\/wp\/v2\/types\/page"}],"author":[{"embeddable":true,"href":"https:\/\/www.silberklopfer.de\/wp\/wp-json\/wp\/v2\/users\/1"}],"replies":[{"embeddable":true,"href":"https:\/\/www.silberklopfer.de\/wp\/wp-json\/wp\/v2\/comments?post=102"}],"version-history":[{"count":18,"href":"https:\/\/www.silberklopfer.de\/wp\/wp-json\/wp\/v2\/pages\/102\/revisions"}],"predecessor-version":[{"id":1794,"href":"https:\/\/www.silberklopfer.de\/wp\/wp-json\/wp\/v2\/pages\/102\/revisions\/1794"}],"wp:attachment":[{"href":"https:\/\/www.silberklopfer.de\/wp\/wp-json\/wp\/v2\/media?parent=102"}],"curies":[{"name":"wp","href":"https:\/\/api.w.org\/{rel}","templated":true}]}}